{"id":13,"date":"2016-03-18T22:07:10","date_gmt":"2016-03-18T21:07:10","guid":{"rendered":"http:\/\/www.win3loesungen.at\/test\/?page_id=13"},"modified":"2021-10-14T16:36:26","modified_gmt":"2021-10-14T14:36:26","slug":"home-2","status":"publish","type":"page","link":"http:\/\/www.win3loesungen.at\/test\/home-2\/","title":{"rendered":"Home"},"content":{"rendered":"<h2><strong><em><span style=\"color: #ff8d0a;\">\u201eZu sein, was wir wirklich sind, und zu werden, wozu wir f\u00e4hig sind, ist das einzige Ziel des Lebens.\u201c<\/span><\/em><\/strong><br \/>\n<strong><span style=\"color: #ff8d0a;\"> (Robert Lois Balfour Stevenson)<\/span><\/strong><\/h2>\n<hr \/>\n<p>Als psychosoziale Beraterin begleite ich Menschen und Unternehmen in herausfordernden und belastenden Zeiten.<br \/>\nIm Vordergrund stehen u.a.:<\/p>\n<ul>\n<li>die eigenen Kr\u00e4fte, Ressourcen (wieder) zu st\u00e4rken<\/li>\n<li>Spannungen und Schwierigkeiten zu kl\u00e4ren und<\/li>\n<li>den Bed\u00fcrfnissen und Gedanken entsprechend Raum zu geben<\/li>\n<li>der Burnout-Spirale vorzubeugen bzw. zu entkommen<\/li>\n<li>Zusammenh\u00e4nge und Dynamiken erkennen<\/li>\n<li>abschalten, bei sich selbst ankommen um Innere Ruhe und Balance zu erreichen<\/li>\n<\/ul>\n<p>Mein<strong> <span style=\"color: #000000;\"><a style=\"color: #000000;\" href=\"http:\/\/www.win3loesungen.at\/test\/angebot\/\" target=\"_blank\">Angebot<\/a> <\/span><\/strong>umfasst:<\/p>\n<ul>\n<li><span style=\"color: #ff8d00;\"><a style=\"color: #ff8d00;\" href=\"http:\/\/www.win3loesungen.at\/test\/coaching-psychosoziale-beratung\/\" target=\"_blank\"><strong>Coaching | Psychosoziale Beratung<\/strong><\/a><\/span><\/li>\n<li><strong><span style=\"color: #ff8d00;\"><a style=\"color: #ff8d00;\" href=\"http:\/\/www.win3loesungen.at\/test\/mediation-konfliktbearbeitung\/\" target=\"_blank\">Mediation | Konfliktbearbeitung<\/a><\/span><\/strong><\/li>\n<li><strong><span style=\"color: #ff8d00;\"><a style=\"color: #ff8d00;\" href=\"http:\/\/www.win3loesungen.at\/test\/paarberatung\/\" target=\"_blank\">Paarberatung<\/a><\/span><\/strong><\/li>\n<li><strong><span style=\"color: #ff8d00;\"><a style=\"color: #ff8d00;\" href=\"http:\/\/www.win3loesungen.at\/test\/stress-coaching-burn-out-praevention\/\" target=\"_blank\">Stress-Coaching | Burnout-Pr\u00e4vention <\/a><\/span><\/strong><\/li>\n<li><strong><span style=\"color: #ff8d00;\"><a style=\"color: #ff8d00;\" href=\"http:\/\/www.win3loesungen.at\/test\/loslassen-verlust-trauerbegleitung\/\" target=\"_blank\">Loslassen | Verlust |Trauerbegleitung<\/a><\/span><\/strong><\/li>\n<li><strong><span style=\"color: #ff8d00;\"><a style=\"color: #ff8d00;\" href=\"http:\/\/www.win3loesungen.at\/test\/systemische-aufstellungsarbeit\/\" target=\"_blank\">Systemische Aufstellungsarbeit<\/a><\/span><\/strong><\/li>\n<li><strong><span style=\"color: #ff8d00;\"><a style=\"color: #ff8d00;\" href=\"http:\/\/www.win3loesungen.at\/test\/supervision\/\" target=\"_blank\">Supervision<\/a><\/span><\/strong><\/li>\n<li><strong><span style=\"color: #ff8d00;\"><a style=\"color: #ff8d00;\" href=\"http:\/\/www.win3loesungen.at\/test\/meditation-entspannung\/\" target=\"_blank\">Meditation | Entspannung<\/a><\/span><\/strong><\/li>\n<li><strong><span style=\"color: #ff8d00;\"><a style=\"color: #ff8d00;\" href=\"http:\/\/www.win3loesungen.at\/test\/spirituelle-begleitung\/\" target=\"_blank\">Spirituelle Begleitung<\/a><\/span><\/strong><\/li>\n<li><strong><span style=\"color: #ff8d00;\"><a style=\"color: #ff8d00;\" href=\"http:\/\/www.win3loesungen.at\/test\/fuer-pflegende-angehoerigepflegebeduerftigepflegende-personen\/\" target=\"_blank\">Rund um die Pflege<\/a> <\/span><\/strong>- Beratung &amp; Begleitung f\u00fcr:<br \/>\n- pflegende Angeh\u00f6rige<br \/>\n- pflegebed\u00fcrftige Personen<br \/>\n- pflegende Personen<br \/>\n- Personenbetreuer\/innen<br \/>\n- alle, die im weitesten Sinne betroffen sind<\/li>\n<\/ul>\n<p>Folgende <strong>Settings<\/strong> biete ich Ihnen an:<\/p>\n<ul>\n<li>Beratung &amp; Begleitung in eigener Praxis<\/li>\n<li>Mobile Beratung<\/li>\n<li>Walk &amp; Talk<\/li>\n<li>Online-Beratung<\/li>\n<\/ul>\n<p>je nach Bedarf auch in Kombination m\u00f6glich.<\/p>\n","protected":false},"excerpt":{"rendered":"<p>\u201eZu sein, was wir wirklich sind, und zu werden, wozu wir f\u00e4hig sind, ist das einzige Ziel des Lebens.\u201c (Robert Lois Balfour Stevenson) Als psychosoziale Beraterin begleite ich Menschen und Unternehmen in herausfordernden und belastenden Zeiten. Im Vordergrund stehen u.a.: die eigenen Kr\u00e4fte, Ressourcen (wieder) zu st\u00e4rken Spannungen und Schwierigkeiten zu kl\u00e4ren und den Bed\u00fcrfnissen <a href=\"http:\/\/www.win3loesungen.at\/test\/home-2\/\" class=\"more-link\">...weiterlesen<span class=\"screen-reader-text\"> \"Home\"<\/span><\/a><\/p>\n","protected":false},"author":1,"featured_media":0,"parent":0,"menu_order":0,"comment_status":"closed","ping_status":"closed","template":"","meta":{"_acf_changed":false,"footnotes":""},"class_list":["post-13","page","type-page","status-publish","h-entry","hentry","h-as-page"],"acf":[],"amp_enabled":true,"_links":{"self":[{"href":"http:\/\/www.win3loesungen.at\/test\/wp-json\/wp\/v2\/pages\/13","targetHints":{"allow":["GET"]}}],"collection":[{"href":"http:\/\/www.win3loesungen.at\/test\/wp-json\/wp\/v2\/pages"}],"about":[{"href":"http:\/\/www.win3loesungen.at\/test\/wp-json\/wp\/v2\/types\/page"}],"author":[{"embeddable":true,"href":"http:\/\/www.win3loesungen.at\/test\/wp-json\/wp\/v2\/users\/1"}],"replies":[{"embeddable":true,"href":"http:\/\/www.win3loesungen.at\/test\/wp-json\/wp\/v2\/comments?post=13"}],"version-history":[{"count":13,"href":"http:\/\/www.win3loesungen.at\/test\/wp-json\/wp\/v2\/pages\/13\/revisions"}],"predecessor-version":[{"id":459,"href":"http:\/\/www.win3loesungen.at\/test\/wp-json\/wp\/v2\/pages\/13\/revisions\/459"}],"wp:attachment":[{"href":"http:\/\/www.win3loesungen.at\/test\/wp-json\/wp\/v2\/media?parent=13"}],"curies":[{"name":"wp","href":"https:\/\/api.w.org\/{rel}","templated":true}]}}