{"id":15,"date":"2016-03-18T22:06:00","date_gmt":"2016-03-18T21:06:00","guid":{"rendered":"http:\/\/www.win3loesungen.at\/test\/?page_id=15"},"modified":"2021-10-14T18:36:55","modified_gmt":"2021-10-14T16:36:55","slug":"angebot","status":"publish","type":"page","link":"http:\/\/www.win3loesungen.at\/test\/","title":{"rendered":"Angebot"},"content":{"rendered":"<table>\n<tbody>\n<tr>\n<td width=\"307\"><a style=\"color: #ff8d0a;\" href=\"http:\/\/www.win3loesungen.at\/test\/coaching-psychosoziale-beratung\/\"><img loading=\"lazy\" decoding=\"async\" class=\"wp-image-63 size-medium aligncenter\" src=\"http:\/\/www.win3loesungen.at\/test\/wp-content\/uploads\/2016\/03\/IMG-20150705-WA0032-300x225.jpg\" width=\"300\" height=\"225\" srcset=\"http:\/\/www.win3loesungen.at\/test\/wp-content\/uploads\/2016\/03\/IMG-20150705-WA0032-300x225.jpg 300w, http:\/\/www.win3loesungen.at\/test\/wp-content\/uploads\/2016\/03\/IMG-20150705-WA0032-768x576.jpg 768w, http:\/\/www.win3loesungen.at\/test\/wp-content\/uploads\/2016\/03\/IMG-20150705-WA0032-1024x768.jpg 1024w, http:\/\/www.win3loesungen.at\/test\/wp-content\/uploads\/2016\/03\/IMG-20150705-WA0032-960x720.jpg 960w, http:\/\/www.win3loesungen.at\/test\/wp-content\/uploads\/2016\/03\/IMG-20150705-WA0032.jpg 1280w\" sizes=\"auto, (max-width: 300px) 100vw, 300px\" \/><\/a><\/td>\n<td width=\"307\"><a href=\"http:\/\/www.win3loesungen.at\/test\/mediation-konfliktbearbeitung\/\"><img loading=\"lazy\" decoding=\"async\" class=\"size-medium wp-image-128 aligncenter\" src=\"http:\/\/www.win3loesungen.at\/test\/wp-content\/uploads\/2016\/03\/IMG-20150819-WA0017-300x225.jpg\" alt=\"IMG-20150819-WA0017\" width=\"300\" height=\"225\" srcset=\"http:\/\/www.win3loesungen.at\/test\/wp-content\/uploads\/2016\/03\/IMG-20150819-WA0017-300x225.jpg 300w, http:\/\/www.win3loesungen.at\/test\/wp-content\/uploads\/2016\/03\/IMG-20150819-WA0017-768x576.jpg 768w, http:\/\/www.win3loesungen.at\/test\/wp-content\/uploads\/2016\/03\/IMG-20150819-WA0017-1024x768.jpg 1024w, http:\/\/www.win3loesungen.at\/test\/wp-content\/uploads\/2016\/03\/IMG-20150819-WA0017-960x720.jpg 960w, http:\/\/www.win3loesungen.at\/test\/wp-content\/uploads\/2016\/03\/IMG-20150819-WA0017.jpg 1280w\" sizes=\"auto, (max-width: 300px) 100vw, 300px\" \/><\/a><\/td>\n<\/tr>\n<tr>\n<td style=\"text-align: center;\" width=\"307\">\u00a0<strong><span style=\"color: #ff8d0a;\"><a style=\"color: #ff8d0a;\" href=\"http:\/\/www.win3loesungen.at\/test\/coaching-psychosoziale-beratung\/\">Coaching | Psychosoziale Beratung<\/a><\/span><\/strong><\/td>\n<td style=\"text-align: center;\" width=\"307\">\u00a0<strong><span style=\"color: #ff8d0a;\"><a style=\"color: #ff8d0a;\" href=\"http:\/\/www.win3loesungen.at\/test\/mediation-konfliktbearbeitung\/\">Mediation | Konfliktbearbeitung<\/a><\/span><\/strong><\/td>\n<\/tr>\n<\/tbody>\n<\/table>\n<p>&nbsp;<\/p>\n<table>\n<tbody>\n<tr>\n<td width=\"307\">\u00a0<a href=\"http:\/\/www.win3loesungen.at\/test\/systemische-aufstellungsarbeit\/\"><img loading=\"lazy\" decoding=\"async\" class=\"size-medium wp-image-121 aligncenter\" src=\"http:\/\/www.win3loesungen.at\/test\/wp-content\/uploads\/2016\/03\/IMG-20150819-WA0058-300x225.jpg\" alt=\"IMG-20150819-WA0058\" width=\"300\" height=\"225\" srcset=\"http:\/\/www.win3loesungen.at\/test\/wp-content\/uploads\/2016\/03\/IMG-20150819-WA0058-300x225.jpg 300w, http:\/\/www.win3loesungen.at\/test\/wp-content\/uploads\/2016\/03\/IMG-20150819-WA0058-768x576.jpg 768w, http:\/\/www.win3loesungen.at\/test\/wp-content\/uploads\/2016\/03\/IMG-20150819-WA0058-1024x768.jpg 1024w, http:\/\/www.win3loesungen.at\/test\/wp-content\/uploads\/2016\/03\/IMG-20150819-WA0058-960x720.jpg 960w, http:\/\/www.win3loesungen.at\/test\/wp-content\/uploads\/2016\/03\/IMG-20150819-WA0058.jpg 1280w\" sizes=\"auto, (max-width: 300px) 100vw, 300px\" \/><\/a><\/td>\n<td width=\"307\">\u00a0<a href=\"http:\/\/www.win3loesungen.at\/test\/stress-coaching-burn-out-praevention\/\"><img loading=\"lazy\" decoding=\"async\" class=\"size-medium wp-image-114 aligncenter\" src=\"http:\/\/www.win3loesungen.at\/test\/wp-content\/uploads\/2016\/03\/IMG-20150704-WA0009-300x225.jpg\" alt=\"IMG-20150704-WA0009\" width=\"300\" height=\"225\" srcset=\"http:\/\/www.win3loesungen.at\/test\/wp-content\/uploads\/2016\/03\/IMG-20150704-WA0009-300x225.jpg 300w, http:\/\/www.win3loesungen.at\/test\/wp-content\/uploads\/2016\/03\/IMG-20150704-WA0009-768x576.jpg 768w, http:\/\/www.win3loesungen.at\/test\/wp-content\/uploads\/2016\/03\/IMG-20150704-WA0009-1024x768.jpg 1024w, http:\/\/www.win3loesungen.at\/test\/wp-content\/uploads\/2016\/03\/IMG-20150704-WA0009-960x720.jpg 960w, http:\/\/www.win3loesungen.at\/test\/wp-content\/uploads\/2016\/03\/IMG-20150704-WA0009.jpg 1280w\" sizes=\"auto, (max-width: 300px) 100vw, 300px\" \/><\/a><\/td>\n<\/tr>\n<tr>\n<td style=\"text-align: center;\" width=\"307\"><strong><span style=\"color: #ff8d0a;\"><a style=\"color: #ff8d0a;\" href=\"http:\/\/www.win3loesungen.at\/test\/systemische-aufstellungsarbeit\/\"> Systemische Aufstellungsarbeit<\/a><\/span><\/strong><\/td>\n<td style=\"text-align: center;\" width=\"307\"><strong><span style=\"color: #ff8d0a;\"><a style=\"color: #ff8d0a;\" href=\"http:\/\/www.win3loesungen.at\/test\/stress-coaching-burn-out-praevention\/\">Stress-Coaching | Burnout-Pr\u00e4vention<\/a><\/span><\/strong><\/td>\n<\/tr>\n<\/tbody>\n<\/table>\n<p>&nbsp;<\/p>\n<table>\n<tbody>\n<tr>\n<td width=\"307\">\u00a0<a href=\"http:\/\/www.win3loesungen.at\/test\/loslassen-verlust-trauerbegleitung\/\"><img loading=\"lazy\" decoding=\"async\" class=\"size-medium wp-image-119 aligncenter\" src=\"http:\/\/www.win3loesungen.at\/test\/wp-content\/uploads\/2016\/03\/IMG-20150706-WA0023-300x225.jpg\" alt=\"IMG-20150706-WA0023\" width=\"300\" height=\"225\" srcset=\"http:\/\/www.win3loesungen.at\/test\/wp-content\/uploads\/2016\/03\/IMG-20150706-WA0023-300x225.jpg 300w, http:\/\/www.win3loesungen.at\/test\/wp-content\/uploads\/2016\/03\/IMG-20150706-WA0023-768x576.jpg 768w, http:\/\/www.win3loesungen.at\/test\/wp-content\/uploads\/2016\/03\/IMG-20150706-WA0023-1024x768.jpg 1024w, http:\/\/www.win3loesungen.at\/test\/wp-content\/uploads\/2016\/03\/IMG-20150706-WA0023-960x720.jpg 960w, http:\/\/www.win3loesungen.at\/test\/wp-content\/uploads\/2016\/03\/IMG-20150706-WA0023.jpg 1280w\" sizes=\"auto, (max-width: 300px) 100vw, 300px\" \/><\/a><\/td>\n<td width=\"307\">\u00a0<a href=\"http:\/\/www.win3loesungen.at\/test\/meditation-entspannung\/\"><img loading=\"lazy\" decoding=\"async\" class=\"size-medium wp-image-113 aligncenter\" src=\"http:\/\/www.win3loesungen.at\/test\/wp-content\/uploads\/2016\/03\/IMG-20150704-WA0003-300x225.jpg\" alt=\"IMG-20150704-WA0003\" width=\"300\" height=\"225\" srcset=\"http:\/\/www.win3loesungen.at\/test\/wp-content\/uploads\/2016\/03\/IMG-20150704-WA0003-300x225.jpg 300w, http:\/\/www.win3loesungen.at\/test\/wp-content\/uploads\/2016\/03\/IMG-20150704-WA0003-768x576.jpg 768w, http:\/\/www.win3loesungen.at\/test\/wp-content\/uploads\/2016\/03\/IMG-20150704-WA0003-1024x768.jpg 1024w, http:\/\/www.win3loesungen.at\/test\/wp-content\/uploads\/2016\/03\/IMG-20150704-WA0003-960x720.jpg 960w, http:\/\/www.win3loesungen.at\/test\/wp-content\/uploads\/2016\/03\/IMG-20150704-WA0003.jpg 1280w\" sizes=\"auto, (max-width: 300px) 100vw, 300px\" \/><\/a><\/td>\n<\/tr>\n<tr>\n<td style=\"text-align: center;\" width=\"307\"><strong><span style=\"color: #ff8d0a;\"><a style=\"color: #ff8d0a;\" href=\"http:\/\/www.win3loesungen.at\/test\/loslassen-verlust-trauerbegleitung\/\"> Loslassen | Verlust | Trauerbegleitung<\/a><\/span><\/strong><\/td>\n<td style=\"text-align: center;\" width=\"307\">\u00a0<strong><span style=\"color: #ff8d0a;\"><a style=\"color: #ff8d0a;\" href=\"http:\/\/www.win3loesungen.at\/test\/meditation-entspannung\/\">Meditation | Entspannung<\/a><\/span><\/strong><\/td>\n<\/tr>\n<\/tbody>\n<\/table>\n<p>&nbsp;<\/p>\n<table>\n<tbody>\n<tr>\n<td width=\"307\"><a href=\"http:\/\/www.win3loesungen.at\/test\/supervision\/\"><img loading=\"lazy\" decoding=\"async\" class=\"wp-image-69 size-medium aligncenter\" src=\"http:\/\/www.win3loesungen.at\/test\/wp-content\/uploads\/2016\/03\/IMG-20150704-WA0024-300x225.jpg\" width=\"300\" height=\"225\" srcset=\"http:\/\/www.win3loesungen.at\/test\/wp-content\/uploads\/2016\/03\/IMG-20150704-WA0024-300x225.jpg 300w, http:\/\/www.win3loesungen.at\/test\/wp-content\/uploads\/2016\/03\/IMG-20150704-WA0024-768x576.jpg 768w, http:\/\/www.win3loesungen.at\/test\/wp-content\/uploads\/2016\/03\/IMG-20150704-WA0024-1024x768.jpg 1024w, http:\/\/www.win3loesungen.at\/test\/wp-content\/uploads\/2016\/03\/IMG-20150704-WA0024-960x720.jpg 960w, http:\/\/www.win3loesungen.at\/test\/wp-content\/uploads\/2016\/03\/IMG-20150704-WA0024.jpg 1280w\" sizes=\"auto, (max-width: 300px) 100vw, 300px\" \/><\/a><\/td>\n<td width=\"307\"><a style=\"color: #ff8d0a;\" href=\"http:\/\/www.win3loesungen.at\/test\/spirituelle-begleitung\/\"><img loading=\"lazy\" decoding=\"async\" class=\"wp-image-447 size-medium aligncenter\" src=\"http:\/\/www.win3loesungen.at\/test\/wp-content\/uploads\/2016\/03\/Spirituelle-Begleitung-300x225.jpg\" width=\"300\" height=\"225\" srcset=\"http:\/\/www.win3loesungen.at\/test\/wp-content\/uploads\/2016\/03\/Spirituelle-Begleitung-300x225.jpg 300w, http:\/\/www.win3loesungen.at\/test\/wp-content\/uploads\/2016\/03\/Spirituelle-Begleitung-768x576.jpg 768w, http:\/\/www.win3loesungen.at\/test\/wp-content\/uploads\/2016\/03\/Spirituelle-Begleitung-1024x768.jpg 1024w, http:\/\/www.win3loesungen.at\/test\/wp-content\/uploads\/2016\/03\/Spirituelle-Begleitung-960x720.jpg 960w, http:\/\/www.win3loesungen.at\/test\/wp-content\/uploads\/2016\/03\/Spirituelle-Begleitung.jpg 2000w\" sizes=\"auto, (max-width: 300px) 100vw, 300px\" \/><\/a><\/td>\n<\/tr>\n<tr>\n<td style=\"text-align: center;\" width=\"307\"><strong><span style=\"color: #ff8d0a;\"><a style=\"color: #ff8d0a;\" href=\"http:\/\/www.win3loesungen.at\/test\/supervision\/\">Supervision<\/a><\/span><\/strong><\/td>\n<td style=\"text-align: center;\" width=\"307\"><strong><span style=\"color: #ff8d0a;\"><a style=\"color: #ff8d0a;\" href=\"http:\/\/www.win3loesungen.at\/test\/spirituelle-begleitung\/\">Spirituelle Begleitung<\/a><\/span><\/strong><\/td>\n<\/tr>\n<\/tbody>\n<\/table>\n<p>&nbsp;<\/p>\n<table>\n<tbody>\n<tr>\n<td width=\"307\"><a href=\"http:\/\/www.win3loesungen.at\/test\/paarberatung\/\"><img loading=\"lazy\" decoding=\"async\" class=\"wp-image-63 size-medium aligncenter\" src=\"http:\/\/www.win3loesungen.at\/test\/wp-content\/uploads\/2021\/10\/PaarberatungDW.jpg\" width=\"300\" height=\"225\" \/><\/a><\/td>\n<td width=\"307\"><!--a href=\"http:\/\/www.win3loesungen.at\/test\/paarberatung\/\"><img class=\" alt=\" width=\"300\" height=\"225\" \/><\/a--><\/td>\n<\/tr>\n<tr>\n<td style=\"text-align: center;\" width=\"307\">\u00a0<strong><span style=\"color: #ff8d0a;\"><a style=\"color: #ff8d0a;\" href=\"http:\/\/www.win3loesungen.at\/test\/paarberatung\/\">Paarberatung<\/a><\/span><\/strong><strong><\/strong><\/td>\n<td style=\"text-align: center;\" width=\"307\"><\/td>\n<\/tr>\n<\/tbody>\n<\/table>\n<p>&nbsp;<\/p>\n<p><strong><span style=\"color: #ff8d0a;\">Mobile Beratung:<\/span><\/strong><br \/>\nSie w\u00fcnschen sich eine Beratung bei Ihnen vor Ort, auch das ist m\u00f6glich. Kontaktieren Sie mich um n\u00e4here Details zu besprechen.<\/p>\n<p><strong><span style=\"color: #ff8d0a;\">Walk &amp; Talk:<\/span><\/strong><br \/>\nSie m\u00f6chten gerne die Natur genie\u00dfen, spazieren gehen und sich dabei \u00fcber Ihre Themen austauschen, gerne begleite ich Sie ein St\u00fcck des Weges, rufen Sie mich an.<\/p>\n<p><span style=\"color: #ff8d0a;\"><strong>Online-Beratung:<\/strong><\/span><br \/>\nEin pers\u00f6nliches Gespr\u00e4ch (face to face) ist aus welchen Gr\u00fcnden auch immer nicht m\u00f6glich. Ich biete gerne eine Online-Beratung an. Details und Vorgehensweise werden telefonisch gekl\u00e4rt.<\/p>\n<p>&nbsp;<\/p>\n<p><strong><span style=\"color: #ff8d0a;\">Hinweis:<br \/>\n<\/span><\/strong>Die hier angebotenen Methoden ersetzen keinesfalls die Arbeit eines Psychotherapeuten, Arztes oder Heilpraktikers. Deshalb soll eine laufende Behandlung nicht unter- oder abgebrochen, bzw. eine k\u00fcnftige notwendige Behandlung nicht verz\u00f6gert oder ganz unterlassen werden.<br \/>\nDes Weiteren fallen die hier angebotenen Methoden weder unter Diagnoseverfahren noch unter medizinische Therapie oder sonstige Heilkunde.<\/p>\n<p>Eine Kosten\u00fcbernahme durch die Krankenkassen ist nicht m\u00f6glich.<br \/>\nIn besonderen F\u00e4llen ist ein Sozialtarif m\u00f6glich.<\/p>\n<p>Alle Gespr\u00e4che werden vertraulich behandelt und unterliegen der Schweigepflicht.<\/p>\n","protected":false},"excerpt":{"rendered":"<p>\u00a0Coaching | Psychosoziale Beratung \u00a0Mediation | Konfliktbearbeitung &nbsp; \u00a0 \u00a0 Systemische Aufstellungsarbeit Stress-Coaching | Burnout-Pr\u00e4vention &nbsp; \u00a0 \u00a0 Loslassen | Verlust | Trauerbegleitung \u00a0Meditation | Entspannung &nbsp; Supervision Spirituelle Begleitung &nbsp; \u00a0Paarberatung &nbsp; Mobile Beratung: Sie w\u00fcnschen sich eine Beratung bei Ihnen vor Ort, auch das ist m\u00f6glich. Kontaktieren Sie mich um n\u00e4here Details zu <a href=\"http:\/\/www.win3loesungen.at\/test\/\" class=\"more-link\">...weiterlesen<span class=\"screen-reader-text\"> \"Angebot\"<\/span><\/a><\/p>\n","protected":false},"author":1,"featured_media":0,"parent":0,"menu_order":0,"comment_status":"closed","ping_status":"closed","template":"","meta":{"_acf_changed":false,"footnotes":""},"class_list":["post-15","page","type-page","status-publish","h-entry","hentry","h-as-page"],"acf":[],"amp_enabled":false,"_links":{"self":[{"href":"http:\/\/www.win3loesungen.at\/test\/wp-json\/wp\/v2\/pages\/15","targetHints":{"allow":["GET"]}}],"collection":[{"href":"http:\/\/www.win3loesungen.at\/test\/wp-json\/wp\/v2\/pages"}],"about":[{"href":"http:\/\/www.win3loesungen.at\/test\/wp-json\/wp\/v2\/types\/page"}],"author":[{"embeddable":true,"href":"http:\/\/www.win3loesungen.at\/test\/wp-json\/wp\/v2\/users\/1"}],"replies":[{"embeddable":true,"href":"http:\/\/www.win3loesungen.at\/test\/wp-json\/wp\/v2\/comments?post=15"}],"version-history":[{"count":43,"href":"http:\/\/www.win3loesungen.at\/test\/wp-json\/wp\/v2\/pages\/15\/revisions"}],"predecessor-version":[{"id":466,"href":"http:\/\/www.win3loesungen.at\/test\/wp-json\/wp\/v2\/pages\/15\/revisions\/466"}],"wp:attachment":[{"href":"http:\/\/www.win3loesungen.at\/test\/wp-json\/wp\/v2\/media?parent=15"}],"curies":[{"name":"wp","href":"https:\/\/api.w.org\/{rel}","templated":true}]}}