{"id":290,"date":"2016-10-27T17:42:26","date_gmt":"2016-10-27T15:42:26","guid":{"rendered":"http:\/\/www.win3loesungen.at\/test\/?page_id=290"},"modified":"2016-10-29T10:11:52","modified_gmt":"2016-10-29T08:11:52","slug":"supervision","status":"publish","type":"page","link":"http:\/\/www.win3loesungen.at\/test\/supervision\/","title":{"rendered":"Supervision"},"content":{"rendered":"<p>Hier steht der berufliche Kontext im Vordergrund. Bei dieser beratenden Methode werden berufliche\/ehrenamtliche Zusammenh\u00e4nge beleuchtet und reflektiert, um Ihre Handlungskompetenz zu erweitern bzw. alternative Handlungsm\u00f6glichkeiten zu erkennen.<\/p>\n<p style=\"text-align: center;\"><strong><span style=\"color: #ff6600;\"><span style=\"color: #ff8d0a;\">Beobachtung| Reflexion | Change<\/span><br \/>\n<\/span><\/strong><\/p>\n<hr \/>\n<h4><span style=\"color: #ff8d0a;\"><em>\"Wir k\u00f6nnen den Wind nicht \u00e4ndern, aber wir k\u00f6nnen die Segel richtig setzen.\"<br \/>\n<\/em>Aristoteles<\/span><\/h4>\n","protected":false},"excerpt":{"rendered":"<p>Hier steht der berufliche Kontext im Vordergrund. Bei dieser beratenden Methode werden berufliche\/ehrenamtliche Zusammenh\u00e4nge beleuchtet und reflektiert, um Ihre Handlungskompetenz zu erweitern bzw. alternative Handlungsm\u00f6glichkeiten zu erkennen. Beobachtung| Reflexion | Change \"Wir k\u00f6nnen den Wind nicht \u00e4ndern, aber wir k\u00f6nnen die Segel richtig setzen.\" Aristoteles<\/p>\n","protected":false},"author":1,"featured_media":0,"parent":0,"menu_order":0,"comment_status":"closed","ping_status":"closed","template":"","meta":{"_acf_changed":false,"footnotes":""},"class_list":["post-290","page","type-page","status-publish","h-entry","hentry","h-as-page"],"acf":[],"amp_enabled":true,"_links":{"self":[{"href":"http:\/\/www.win3loesungen.at\/test\/wp-json\/wp\/v2\/pages\/290","targetHints":{"allow":["GET"]}}],"collection":[{"href":"http:\/\/www.win3loesungen.at\/test\/wp-json\/wp\/v2\/pages"}],"about":[{"href":"http:\/\/www.win3loesungen.at\/test\/wp-json\/wp\/v2\/types\/page"}],"author":[{"embeddable":true,"href":"http:\/\/www.win3loesungen.at\/test\/wp-json\/wp\/v2\/users\/1"}],"replies":[{"embeddable":true,"href":"http:\/\/www.win3loesungen.at\/test\/wp-json\/wp\/v2\/comments?post=290"}],"version-history":[{"count":5,"href":"http:\/\/www.win3loesungen.at\/test\/wp-json\/wp\/v2\/pages\/290\/revisions"}],"predecessor-version":[{"id":339,"href":"http:\/\/www.win3loesungen.at\/test\/wp-json\/wp\/v2\/pages\/290\/revisions\/339"}],"wp:attachment":[{"href":"http:\/\/www.win3loesungen.at\/test\/wp-json\/wp\/v2\/media?parent=290"}],"curies":[{"name":"wp","href":"https:\/\/api.w.org\/{rel}","templated":true}]}}