{"id":310,"date":"2016-10-28T11:29:00","date_gmt":"2016-10-28T09:29:00","guid":{"rendered":"http:\/\/www.win3loesungen.at\/test\/?page_id=310"},"modified":"2017-01-16T11:48:08","modified_gmt":"2017-01-16T10:48:08","slug":"fuer-pflegende-angehoerigepflegebeduerftigepflegende-personen","status":"publish","type":"page","link":"http:\/\/www.win3loesungen.at\/test\/fuer-pflegende-angehoerigepflegebeduerftigepflegende-personen\/","title":{"rendered":"Rund um die Pflege"},"content":{"rendered":"<p><span style=\"color: #ff8d00;\"><strong><span style=\"font-size: 18pt;\"><a style=\"color: #ff8d00;\" href=\"http:\/\/www.win3loesungen.at\/test\/wp-content\/uploads\/2016\/10\/folder-mit-angebot-ansehen.pdf\">Beratung &amp; Begleitung f\u00fcr:<\/a><\/span><\/strong><\/span><\/p>\n<p>* pflegende Angeh\u00f6rige<br \/>\n* pflegebed\u00fcrftige Personen<br \/>\n* pflegende Personen<br \/>\n* Personenbetreuer\/in<br \/>\n* alle, die im weitesten Sinne betroffen sind<\/p>\n<p style=\"text-align: center;\"><strong><span style=\"color: #ff8d0a;\">empathisch | diskret | l\u00f6sungsorientiert<\/span><\/strong><\/p>\n<hr \/>\n<h4><span style=\"color: #ff8d0a;\"><em>\"Keinen verderben zu lassen, auch nicht sich selber, jeden mit Gl\u00fcck erf\u00fcllen, auch sich. Das ist gut.\"<br \/>\n<\/em>Konfuzius<em><br \/>\n<\/em><\/span><\/h4>\n<p>&nbsp;<\/p>\n<p>Sie w\u00fcnschen sich eine Begleitung w\u00e4hrend dieser herausfordernden und emotionalen Zeit?<br \/>\nDann sind Sie bei mir richtig!<\/p>\n<p>Gerne begleite ich Sie ein St\u00fcck Ihres Weges.<br \/>\nSowohl meine Aus- und Weiterbildungen als auch meine pers\u00f6nliche Erfahrung mit den unterschiedlichen Herausforderungen und Belastungen w\u00e4hrend der h\u00e4uslichen Pflege meines geliebten Vaters machen mich zu Ihrer kompetenten Ansprechpartnerin.<\/p>\n<p><strong><span style=\"color: #ff8d00;\"><a style=\"color: #ff8d00;\" href=\"http:\/\/www.win3loesungen.at\/test\/wp-content\/uploads\/2016\/10\/folder-mit-angebot-ansehen.pdf\">Folder mit Angebot ansehen<\/a><\/span><\/strong><\/p>\n<p><strong>Mein Angebot:<\/strong><\/p>\n<table style=\"height: 260px;\">\n<tbody>\n<tr>\n<td width=\"370\"><img loading=\"lazy\" decoding=\"async\" class=\"alignnone wp-image-373\" src=\"http:\/\/www.win3loesungen.at\/test\/wp-content\/uploads\/2016\/10\/Coaching_psychosozialeBeratung-300x131.jpg\" alt=\"\" width=\"366\" height=\"160\" srcset=\"http:\/\/www.win3loesungen.at\/test\/wp-content\/uploads\/2016\/10\/Coaching_psychosozialeBeratung-300x131.jpg 300w, http:\/\/www.win3loesungen.at\/test\/wp-content\/uploads\/2016\/10\/Coaching_psychosozialeBeratung-768x334.jpg 768w, http:\/\/www.win3loesungen.at\/test\/wp-content\/uploads\/2016\/10\/Coaching_psychosozialeBeratung-1024x446.jpg 1024w, http:\/\/www.win3loesungen.at\/test\/wp-content\/uploads\/2016\/10\/Coaching_psychosozialeBeratung-960x418.jpg 960w, http:\/\/www.win3loesungen.at\/test\/wp-content\/uploads\/2016\/10\/Coaching_psychosozialeBeratung.jpg 1913w\" sizes=\"auto, (max-width: 366px) 100vw, 366px\" \/><\/td>\n<td width=\"370\"><img loading=\"lazy\" decoding=\"async\" class=\"alignnone wp-image-382 \" src=\"http:\/\/www.win3loesungen.at\/test\/wp-content\/uploads\/2016\/10\/loslassen_trauer-300x135.jpg\" width=\"373\" height=\"168\" srcset=\"http:\/\/www.win3loesungen.at\/test\/wp-content\/uploads\/2016\/10\/loslassen_trauer-300x135.jpg 300w, http:\/\/www.win3loesungen.at\/test\/wp-content\/uploads\/2016\/10\/loslassen_trauer-768x344.jpg 768w, http:\/\/www.win3loesungen.at\/test\/wp-content\/uploads\/2016\/10\/loslassen_trauer-1024x459.jpg 1024w, http:\/\/www.win3loesungen.at\/test\/wp-content\/uploads\/2016\/10\/loslassen_trauer-960x430.jpg 960w\" sizes=\"auto, (max-width: 373px) 100vw, 373px\" \/><\/td>\n<\/tr>\n<\/tbody>\n<tbody>\n<tr>\n<td width=\"370\"><img loading=\"lazy\" decoding=\"async\" class=\" wp-image-375\" src=\"http:\/\/www.win3loesungen.at\/test\/wp-content\/uploads\/2016\/10\/Mediation_Konfliktbearbeitung-300x137.jpg\" alt=\"EPSON MFP image\" width=\"370\" height=\"169\" srcset=\"http:\/\/www.win3loesungen.at\/test\/wp-content\/uploads\/2016\/10\/Mediation_Konfliktbearbeitung-300x137.jpg 300w, http:\/\/www.win3loesungen.at\/test\/wp-content\/uploads\/2016\/10\/Mediation_Konfliktbearbeitung-768x351.jpg 768w, http:\/\/www.win3loesungen.at\/test\/wp-content\/uploads\/2016\/10\/Mediation_Konfliktbearbeitung-1024x468.jpg 1024w, http:\/\/www.win3loesungen.at\/test\/wp-content\/uploads\/2016\/10\/Mediation_Konfliktbearbeitung-960x439.jpg 960w, http:\/\/www.win3loesungen.at\/test\/wp-content\/uploads\/2016\/10\/Mediation_Konfliktbearbeitung.jpg 1941w\" sizes=\"auto, (max-width: 370px) 100vw, 370px\" \/><\/td>\n<td width=\"370\"><img loading=\"lazy\" decoding=\"async\" class=\" wp-image-376\" src=\"http:\/\/www.win3loesungen.at\/test\/wp-content\/uploads\/2016\/10\/Stresscoaching_BurnoutPr\u00e4vention-300x137.jpg\" alt=\"EPSON MFP image\" width=\"372\" height=\"170\" srcset=\"http:\/\/www.win3loesungen.at\/test\/wp-content\/uploads\/2016\/10\/Stresscoaching_BurnoutPr\u00e4vention-300x137.jpg 300w, http:\/\/www.win3loesungen.at\/test\/wp-content\/uploads\/2016\/10\/Stresscoaching_BurnoutPr\u00e4vention-768x350.jpg 768w, http:\/\/www.win3loesungen.at\/test\/wp-content\/uploads\/2016\/10\/Stresscoaching_BurnoutPr\u00e4vention-1024x467.jpg 1024w, http:\/\/www.win3loesungen.at\/test\/wp-content\/uploads\/2016\/10\/Stresscoaching_BurnoutPr\u00e4vention-960x438.jpg 960w, http:\/\/www.win3loesungen.at\/test\/wp-content\/uploads\/2016\/10\/Stresscoaching_BurnoutPr\u00e4vention.jpg 1900w\" sizes=\"auto, (max-width: 372px) 100vw, 372px\" \/><\/td>\n<\/tr>\n<\/tbody>\n<tbody>\n<tr>\n<td width=\"370\"><img loading=\"lazy\" decoding=\"async\" class=\" wp-image-377\" src=\"http:\/\/www.win3loesungen.at\/test\/wp-content\/uploads\/2016\/10\/SystemischeAufstellungsarbeit-300x140.jpg\" alt=\"EPSON MFP image\" width=\"369\" height=\"172\" srcset=\"http:\/\/www.win3loesungen.at\/test\/wp-content\/uploads\/2016\/10\/SystemischeAufstellungsarbeit-300x140.jpg 300w, http:\/\/www.win3loesungen.at\/test\/wp-content\/uploads\/2016\/10\/SystemischeAufstellungsarbeit-768x358.jpg 768w, http:\/\/www.win3loesungen.at\/test\/wp-content\/uploads\/2016\/10\/SystemischeAufstellungsarbeit-1024x478.jpg 1024w, http:\/\/www.win3loesungen.at\/test\/wp-content\/uploads\/2016\/10\/SystemischeAufstellungsarbeit-960x448.jpg 960w, http:\/\/www.win3loesungen.at\/test\/wp-content\/uploads\/2016\/10\/SystemischeAufstellungsarbeit.jpg 2009w\" sizes=\"auto, (max-width: 369px) 100vw, 369px\" \/><\/td>\n<td width=\"370\"><strong>\u00a0<\/strong><img loading=\"lazy\" decoding=\"async\" class=\" wp-image-378\" src=\"http:\/\/www.win3loesungen.at\/test\/wp-content\/uploads\/2016\/10\/Supervision-300x133.jpg\" alt=\"EPSON MFP image\" width=\"365\" height=\"162\" srcset=\"http:\/\/www.win3loesungen.at\/test\/wp-content\/uploads\/2016\/10\/Supervision-300x133.jpg 300w, http:\/\/www.win3loesungen.at\/test\/wp-content\/uploads\/2016\/10\/Supervision-768x340.jpg 768w, http:\/\/www.win3loesungen.at\/test\/wp-content\/uploads\/2016\/10\/Supervision-1024x454.jpg 1024w, http:\/\/www.win3loesungen.at\/test\/wp-content\/uploads\/2016\/10\/Supervision-960x425.jpg 960w, http:\/\/www.win3loesungen.at\/test\/wp-content\/uploads\/2016\/10\/Supervision.jpg 1975w\" sizes=\"auto, (max-width: 365px) 100vw, 365px\" \/><\/td>\n<\/tr>\n<\/tbody>\n<tbody>\n<tr>\n<td><img loading=\"lazy\" decoding=\"async\" class=\" wp-image-379\" src=\"http:\/\/www.win3loesungen.at\/test\/wp-content\/uploads\/2016\/10\/Meditation_Entspannung-300x127.jpg\" alt=\"EPSON MFP image\" width=\"369\" height=\"156\" srcset=\"http:\/\/www.win3loesungen.at\/test\/wp-content\/uploads\/2016\/10\/Meditation_Entspannung-300x127.jpg 300w, http:\/\/www.win3loesungen.at\/test\/wp-content\/uploads\/2016\/10\/Meditation_Entspannung-768x325.jpg 768w, http:\/\/www.win3loesungen.at\/test\/wp-content\/uploads\/2016\/10\/Meditation_Entspannung-1024x434.jpg 1024w, http:\/\/www.win3loesungen.at\/test\/wp-content\/uploads\/2016\/10\/Meditation_Entspannung-960x406.jpg 960w, http:\/\/www.win3loesungen.at\/test\/wp-content\/uploads\/2016\/10\/Meditation_Entspannung.jpg 2003w\" sizes=\"auto, (max-width: 369px) 100vw, 369px\" \/><\/td>\n<\/tr>\n<\/tbody>\n<\/table>\n<p><br class=\"none\" \/><br class=\"none\" \/><strong>Folgende Settings biete ich Ihnen an:<\/strong><\/p>\n<p>* Beratung &amp; Begleitung in eigener Praxis<\/p>\n<p>* Mobile Beratung<\/p>\n<p>* Walk &amp; Talk<\/p>\n<p>* Online-Beratung<\/p>\n<p>je nach Bedarf auch in Kombination<\/p>\n","protected":false},"excerpt":{"rendered":"<p>Beratung &amp; Begleitung f\u00fcr: * pflegende Angeh\u00f6rige * pflegebed\u00fcrftige Personen * pflegende Personen * Personenbetreuer\/in * alle, die im weitesten Sinne betroffen sind empathisch | diskret | l\u00f6sungsorientiert \"Keinen verderben zu lassen, auch nicht sich selber, jeden mit Gl\u00fcck erf\u00fcllen, auch sich. Das ist gut.\" Konfuzius &nbsp; Sie w\u00fcnschen sich eine Begleitung w\u00e4hrend dieser herausfordernden <a href=\"http:\/\/www.win3loesungen.at\/test\/fuer-pflegende-angehoerigepflegebeduerftigepflegende-personen\/\" class=\"more-link\">...weiterlesen<span class=\"screen-reader-text\"> \"Rund um die Pflege\"<\/span><\/a><\/p>\n","protected":false},"author":1,"featured_media":0,"parent":0,"menu_order":0,"comment_status":"closed","ping_status":"closed","template":"","meta":{"_acf_changed":false,"footnotes":""},"class_list":["post-310","page","type-page","status-publish","h-entry","hentry","h-as-page"],"acf":[],"amp_enabled":true,"_links":{"self":[{"href":"http:\/\/www.win3loesungen.at\/test\/wp-json\/wp\/v2\/pages\/310","targetHints":{"allow":["GET"]}}],"collection":[{"href":"http:\/\/www.win3loesungen.at\/test\/wp-json\/wp\/v2\/pages"}],"about":[{"href":"http:\/\/www.win3loesungen.at\/test\/wp-json\/wp\/v2\/types\/page"}],"author":[{"embeddable":true,"href":"http:\/\/www.win3loesungen.at\/test\/wp-json\/wp\/v2\/users\/1"}],"replies":[{"embeddable":true,"href":"http:\/\/www.win3loesungen.at\/test\/wp-json\/wp\/v2\/comments?post=310"}],"version-history":[{"count":37,"href":"http:\/\/www.win3loesungen.at\/test\/wp-json\/wp\/v2\/pages\/310\/revisions"}],"predecessor-version":[{"id":323,"href":"http:\/\/www.win3loesungen.at\/test\/wp-json\/wp\/v2\/pages\/310\/revisions\/323"}],"wp:attachment":[{"href":"http:\/\/www.win3loesungen.at\/test\/wp-json\/wp\/v2\/media?parent=310"}],"curies":[{"name":"wp","href":"https:\/\/api.w.org\/{rel}","templated":true}]}}