{"id":42,"date":"2016-03-19T11:12:17","date_gmt":"2016-03-19T10:12:17","guid":{"rendered":"http:\/\/www.win3loesungen.at\/test\/?page_id=42"},"modified":"2016-03-21T07:52:54","modified_gmt":"2016-03-21T06:52:54","slug":"coaching-psychosoziale-beratung","status":"publish","type":"page","link":"http:\/\/www.win3loesungen.at\/test\/coaching-psychosoziale-beratung\/","title":{"rendered":"Coaching | Psychosoziale Beratung"},"content":{"rendered":"<p>Ist eine Hilfestellung und Begleitung bei der (Er)findung von m\u00f6glichen L\u00f6sungen bei Herausforderungen und Problemen. L\u00f6sungen, die bereits in einem selbst liegen und auf das Entdecken, Erkennen und die eigenverantwortliche Umsetzung warten.<\/p>\n<p style=\"text-align: center;\"><strong><span style=\"color: #ff8d0a;\">Erkennen | Wahrnehmen | Ver\u00e4ndern<\/span><\/strong><\/p>\n<hr \/>\n<h4><span style=\"color: #ff8d0a;\"><em>\u201eDie Kraft der Gedanken ist unsichtbar wie der Same, aus dem ein riesiger Baum erw\u00e4chst;<br \/>\nsie ist aber der Ursprung f\u00fcr die Ver\u00e4nderungen im Leben des Menschen.\u201c<\/em><br \/>\nLeo Tolstoi<\/span><\/h4>\n","protected":false},"excerpt":{"rendered":"<p>Ist eine Hilfestellung und Begleitung bei der (Er)findung von m\u00f6glichen L\u00f6sungen bei Herausforderungen und Problemen. L\u00f6sungen, die bereits in einem selbst liegen und auf das Entdecken, Erkennen und die eigenverantwortliche Umsetzung warten. Erkennen | Wahrnehmen | Ver\u00e4ndern \u201eDie Kraft der Gedanken ist unsichtbar wie der Same, aus dem ein riesiger Baum erw\u00e4chst; sie ist aber <a href=\"http:\/\/www.win3loesungen.at\/test\/coaching-psychosoziale-beratung\/\" class=\"more-link\">...weiterlesen<span class=\"screen-reader-text\"> \"Coaching | Psychosoziale Beratung\"<\/span><\/a><\/p>\n","protected":false},"author":1,"featured_media":0,"parent":0,"menu_order":0,"comment_status":"closed","ping_status":"closed","template":"","meta":{"_acf_changed":false,"footnotes":""},"class_list":["post-42","page","type-page","status-publish","h-entry","hentry","h-as-page"],"acf":[],"amp_enabled":true,"_links":{"self":[{"href":"http:\/\/www.win3loesungen.at\/test\/wp-json\/wp\/v2\/pages\/42","targetHints":{"allow":["GET"]}}],"collection":[{"href":"http:\/\/www.win3loesungen.at\/test\/wp-json\/wp\/v2\/pages"}],"about":[{"href":"http:\/\/www.win3loesungen.at\/test\/wp-json\/wp\/v2\/types\/page"}],"author":[{"embeddable":true,"href":"http:\/\/www.win3loesungen.at\/test\/wp-json\/wp\/v2\/users\/1"}],"replies":[{"embeddable":true,"href":"http:\/\/www.win3loesungen.at\/test\/wp-json\/wp\/v2\/comments?post=42"}],"version-history":[{"count":5,"href":"http:\/\/www.win3loesungen.at\/test\/wp-json\/wp\/v2\/pages\/42\/revisions"}],"predecessor-version":[{"id":197,"href":"http:\/\/www.win3loesungen.at\/test\/wp-json\/wp\/v2\/pages\/42\/revisions\/197"}],"wp:attachment":[{"href":"http:\/\/www.win3loesungen.at\/test\/wp-json\/wp\/v2\/media?parent=42"}],"curies":[{"name":"wp","href":"https:\/\/api.w.org\/{rel}","templated":true}]}}