{"id":455,"date":"2021-10-14T16:37:04","date_gmt":"2021-10-14T14:37:04","guid":{"rendered":"http:\/\/www.win3loesungen.at\/test\/?page_id=455"},"modified":"2021-10-14T16:37:04","modified_gmt":"2021-10-14T14:37:04","slug":"paarberatung","status":"publish","type":"page","link":"http:\/\/www.win3loesungen.at\/test\/paarberatung\/","title":{"rendered":"Paarberatung"},"content":{"rendered":"<p>Eine der sch\u00f6nsten Erfahrungen ist, sich in Liebe verbunden zu f\u00fchlen, begl\u00fcckt und beseelt zu sein den passenden Lebenspartner an seiner Seite zu haben. Daran m\u00f6chte man festhalten. Dennoch schleicht sich immer mehr der Alltag ein. Die Liebe scheint zu verblassen, die allt\u00e4glichen Herausforderungen, Streit, Eifersucht etc. lassen Zweifel entstehen und werfen Fragen auf.<\/p>\n<p style=\"text-align: center;\"><strong><span style=\"color: #ff8d0a;\">\u00a0Ich | Du |\u00a0Wir<\/span><\/strong><\/p>\n<p>Nehmen Sie sich Zeit und Raum f\u00fcr Ihre Beziehung!<br \/>\nBegeben Sie sich auf eine gemeinsame Reise, bei der sich jeder selbst als auch den Partner besser er- und anerkennt, um mehr das Wir leben zu k\u00f6nnen.<br \/>\nIch begleite Sie gerne dabei, vom Ich zum Du zum Wir.<\/p>\n<hr \/>\n<h4><span style=\"color: #ff8d0a;\"><em>\"Es gibt nichts Sch\u00f6neres als geliebt zu werden, geliebt um seiner selbst willen oder vielmehr trotz seiner selbst.\"<br \/>\n<\/em>Victor Hugo<\/span><\/h4>\n","protected":false},"excerpt":{"rendered":"<p>Eine der sch\u00f6nsten Erfahrungen ist, sich in Liebe verbunden zu f\u00fchlen, begl\u00fcckt und beseelt zu sein den passenden Lebenspartner an seiner Seite zu haben. Daran m\u00f6chte man festhalten. Dennoch schleicht sich immer mehr der Alltag ein. Die Liebe scheint zu verblassen, die allt\u00e4glichen Herausforderungen, Streit, Eifersucht etc. lassen Zweifel entstehen und werfen Fragen auf. \u00a0Ich <a href=\"http:\/\/www.win3loesungen.at\/test\/paarberatung\/\" class=\"more-link\">...weiterlesen<span class=\"screen-reader-text\"> \"Paarberatung\"<\/span><\/a><\/p>\n","protected":false},"author":1,"featured_media":0,"parent":0,"menu_order":0,"comment_status":"closed","ping_status":"closed","template":"","meta":{"_acf_changed":false,"footnotes":""},"class_list":["post-455","page","type-page","status-publish","h-entry","hentry","h-as-page"],"acf":[],"amp_enabled":true,"_links":{"self":[{"href":"http:\/\/www.win3loesungen.at\/test\/wp-json\/wp\/v2\/pages\/455","targetHints":{"allow":["GET"]}}],"collection":[{"href":"http:\/\/www.win3loesungen.at\/test\/wp-json\/wp\/v2\/pages"}],"about":[{"href":"http:\/\/www.win3loesungen.at\/test\/wp-json\/wp\/v2\/types\/page"}],"author":[{"embeddable":true,"href":"http:\/\/www.win3loesungen.at\/test\/wp-json\/wp\/v2\/users\/1"}],"replies":[{"embeddable":true,"href":"http:\/\/www.win3loesungen.at\/test\/wp-json\/wp\/v2\/comments?post=455"}],"version-history":[{"count":2,"href":"http:\/\/www.win3loesungen.at\/test\/wp-json\/wp\/v2\/pages\/455\/revisions"}],"predecessor-version":[{"id":457,"href":"http:\/\/www.win3loesungen.at\/test\/wp-json\/wp\/v2\/pages\/455\/revisions\/457"}],"wp:attachment":[{"href":"http:\/\/www.win3loesungen.at\/test\/wp-json\/wp\/v2\/media?parent=455"}],"curies":[{"name":"wp","href":"https:\/\/api.w.org\/{rel}","templated":true}]}}