{"id":49,"date":"2016-03-19T11:15:16","date_gmt":"2016-03-19T10:15:16","guid":{"rendered":"http:\/\/www.win3loesungen.at\/test\/?page_id=49"},"modified":"2016-03-21T15:41:46","modified_gmt":"2016-03-21T14:41:46","slug":"loslassen-verlust-trauerbegleitung","status":"publish","type":"page","link":"http:\/\/www.win3loesungen.at\/test\/loslassen-verlust-trauerbegleitung\/","title":{"rendered":"Loslassen | Verlust | Trauerbegleitung"},"content":{"rendered":"<p>Die einzige Konstante im Leben ist die Ver\u00e4nderung. Ver\u00e4nderung erfordert jedoch Loslassen. In dieser besonderen Zeit begleite ich Sie gerne, indem ein Raum f\u00fcr Ihre Gef\u00fchle, Bed\u00fcrfnisse, Emotionen und Gedanken er\u00f6ffnet wird und Sie Ihrem Verlust, Ihrer Trauer Ausdruck verleihen k\u00f6nnen.<\/p>\n<p style=\"text-align: center;\"><strong><span style=\"color: #ff8d0a;\">\u00a0Loslassen | Abschied nehmen | wieder Freude finden<\/span><\/strong><\/p>\n<p>Dieser Prozess beinhaltet unter anderem die Verarbeitung, das Abschiednehmen, das Loslassen und die Suche nach dem tieferen Sinn im Leben, um danach anschlie\u00dfend wieder Freude, Liebe und Hoffnung in Ihrem Leben Platz zu machen.<\/p>\n<table>\n<tbody>\n<tr>\n<td width=\"307\"><strong>Loslassen von...<\/strong><\/td>\n<td width=\"307\"><strong>aber auch bei Lebensumbr\u00fcchen wie...<\/strong><\/td>\n<\/tr>\n<tr>\n<td width=\"307\"><span style=\"color: #ff8d0a;\">\u25ca<\/span>\u00a0Gewohnheiten<\/td>\n<td width=\"307\"><span style=\"color: #ff8d0a;\">\u25ca<\/span> Heirat<\/td>\n<\/tr>\n<tr>\n<td width=\"307\"><span style=\"color: #ff8d0a;\">\u25ca<\/span> Vertrautem<\/td>\n<td width=\"307\"><span style=\"color: #ff8d0a;\">\u25ca<\/span> Umzug<\/td>\n<\/tr>\n<tr>\n<td width=\"307\"><span style=\"color: #ff8d0a;\">\u25ca<\/span> Job, materiellen Dingen<\/td>\n<td width=\"307\"><span style=\"color: #ff8d0a;\">\u25ca<\/span> Pensionierung<\/td>\n<\/tr>\n<tr>\n<td width=\"307\"><span style=\"color: #ff8d0a;\">\u25ca<\/span> geliebten Menschen<\/td>\n<td width=\"307\"><span style=\"color: #ff8d0a;\">\u25ca<\/span> etc.<\/td>\n<\/tr>\n<\/tbody>\n<\/table>\n<hr \/>\n<h4><span style=\"color: #ff8d0a;\"><strong><em>\"Loslassen ist die Kunst, Vergangenes zur Ruhe zu betten und der Zukunft freien Raum zur Gestaltung zu \u00fcberlassen.\" <\/em><\/strong><\/span><br \/>\n<span style=\"color: #ff8d0a;\"><strong>Helga Sch\u00e4ferling<\/strong><\/span><\/h4>\n<h4><\/h4>\n<h4><\/h4>\n<h4><\/h4>\n","protected":false},"excerpt":{"rendered":"<p>Die einzige Konstante im Leben ist die Ver\u00e4nderung. Ver\u00e4nderung erfordert jedoch Loslassen. In dieser besonderen Zeit begleite ich Sie gerne, indem ein Raum f\u00fcr Ihre Gef\u00fchle, Bed\u00fcrfnisse, Emotionen und Gedanken er\u00f6ffnet wird und Sie Ihrem Verlust, Ihrer Trauer Ausdruck verleihen k\u00f6nnen. \u00a0Loslassen | Abschied nehmen | wieder Freude finden Dieser Prozess beinhaltet unter anderem die <a href=\"http:\/\/www.win3loesungen.at\/test\/loslassen-verlust-trauerbegleitung\/\" class=\"more-link\">...weiterlesen<span class=\"screen-reader-text\"> \"Loslassen | Verlust | Trauerbegleitung\"<\/span><\/a><\/p>\n","protected":false},"author":1,"featured_media":0,"parent":0,"menu_order":0,"comment_status":"closed","ping_status":"closed","template":"","meta":{"_acf_changed":false,"footnotes":""},"class_list":["post-49","page","type-page","status-publish","h-entry","hentry","h-as-page"],"acf":[],"amp_enabled":true,"_links":{"self":[{"href":"http:\/\/www.win3loesungen.at\/test\/wp-json\/wp\/v2\/pages\/49","targetHints":{"allow":["GET"]}}],"collection":[{"href":"http:\/\/www.win3loesungen.at\/test\/wp-json\/wp\/v2\/pages"}],"about":[{"href":"http:\/\/www.win3loesungen.at\/test\/wp-json\/wp\/v2\/types\/page"}],"author":[{"embeddable":true,"href":"http:\/\/www.win3loesungen.at\/test\/wp-json\/wp\/v2\/users\/1"}],"replies":[{"embeddable":true,"href":"http:\/\/www.win3loesungen.at\/test\/wp-json\/wp\/v2\/comments?post=49"}],"version-history":[{"count":6,"href":"http:\/\/www.win3loesungen.at\/test\/wp-json\/wp\/v2\/pages\/49\/revisions"}],"predecessor-version":[{"id":207,"href":"http:\/\/www.win3loesungen.at\/test\/wp-json\/wp\/v2\/pages\/49\/revisions\/207"}],"wp:attachment":[{"href":"http:\/\/www.win3loesungen.at\/test\/wp-json\/wp\/v2\/media?parent=49"}],"curies":[{"name":"wp","href":"https:\/\/api.w.org\/{rel}","templated":true}]}}