{"id":51,"date":"2016-03-19T11:15:39","date_gmt":"2016-03-19T10:15:39","guid":{"rendered":"http:\/\/www.win3loesungen.at\/test\/?page_id=51"},"modified":"2016-10-27T19:15:03","modified_gmt":"2016-10-27T17:15:03","slug":"stress-coaching-burn-out-praevention","status":"publish","type":"page","link":"http:\/\/www.win3loesungen.at\/test\/stress-coaching-burn-out-praevention\/","title":{"rendered":"Stress-Coaching | Burnout-Pr\u00e4vention"},"content":{"rendered":"<p>Innere Unruhe, Gereiztheit, Gedankenkarussell, wenig Zeit f\u00fcr soziale Kontakte, kaum Ruhephasen, innere und \u00e4u\u00dfere Belastungen sowie Sinnfragen beschreiben Ihren Alltag? All dies ist als Hinweis \u2013 als Hilfeschrei des K\u00f6rpers\/der Seele \u2013 zu sehen, sich mehr Entspannung, Ausgeglichenheit und Freude zuzugestehen und k\u00f6nnten erste Anzeichen von Burnout sein.<\/p>\n<p style=\"text-align: center;\">\u00a0<strong><span style=\"color: #ff8d0a;\">Vorbeugen | Begleiten | Nachbetreuen<\/span><\/strong><\/p>\n<p>Im Hier und Jetzt sein, achtsam mit sich und seinem K\u00f6rper umgehen, Lebensfreude und Lebensqualit\u00e4t (wieder)finden und Auszeit-Oasen f\u00fcr sich selber schaffen, genau darum geht es. Der Fokus liegt darauf Abstand und mehr Zeit f\u00fcr sich selbst zu gewinnen. Gerne begleite ich Sie auf dem Weg zu sich selbst!<\/p>\n<hr \/>\n<h4><strong><em><span style=\"color: #ff8d0a;\">\u201eDrei Dinge muss der Mensch wissen, um gut zu leben: was f\u00fcr ihn zu viel, was f\u00fcr ihn zu wenig, und was genau richtig ist.\u201c <\/span><\/em><\/strong><br \/>\n<strong><span style=\"color: #ff8d0a;\">Weisheit der Suaheli<\/span><\/strong><\/h4>\n<hr \/>\n<p><a href=\"http:\/\/esv-sva.sozvers.at\/portal27\/svaportal\/content?contentid=10007.751244&amp;portal:componentId=gtn3983927e-7125-4ae8-87e1-68ddc450ab28&amp;viewmode=content\" target=\"_blank\"><strong><img loading=\"lazy\" decoding=\"async\" class=\"wp-image-264 aligncenter\" src=\"http:\/\/www.win3loesungen.at\/test\/wp-content\/uploads\/2016\/03\/100-292x300.jpg\" alt=\"100\" width=\"208\" height=\"214\" srcset=\"http:\/\/www.win3loesungen.at\/test\/wp-content\/uploads\/2016\/03\/100-292x300.jpg 292w, http:\/\/www.win3loesungen.at\/test\/wp-content\/uploads\/2016\/03\/100.jpg 300w\" sizes=\"auto, (max-width: 208px) 100vw, 208px\" \/><\/strong><\/a><\/p>\n<p><strong>SVA-Kooperationspartner - Refundierung des SVA-Gesundheitshunderter: <\/strong><a href=\"http:\/\/www.win3loesungen.at\/test\/sva-gesundheitshunderter\/\">Mehr Information<\/a><strong><br \/>\n<\/strong><\/p>\n<p><strong><span style=\"color: #ff8d0a;\"><a style=\"color: #ff8d0a;\" href=\"http:\/\/www.win3loesungen.at\/test\/wp-content\/uploads\/2016\/07\/Internet_Innere_Balance_Resilienzf\u00e4higkeit_Mag_Doris_Weiss_.pdf\" target=\"_blank\">Programm Innere Balance-Resilienzf\u00e4higkeit-Lebensfreude<\/a><\/span><\/strong><\/p>\n","protected":false},"excerpt":{"rendered":"<p>Innere Unruhe, Gereiztheit, Gedankenkarussell, wenig Zeit f\u00fcr soziale Kontakte, kaum Ruhephasen, innere und \u00e4u\u00dfere Belastungen sowie Sinnfragen beschreiben Ihren Alltag? All dies ist als Hinweis \u2013 als Hilfeschrei des K\u00f6rpers\/der Seele \u2013 zu sehen, sich mehr Entspannung, Ausgeglichenheit und Freude zuzugestehen und k\u00f6nnten erste Anzeichen von Burnout sein. \u00a0Vorbeugen | Begleiten | Nachbetreuen Im Hier <a href=\"http:\/\/www.win3loesungen.at\/test\/stress-coaching-burn-out-praevention\/\" class=\"more-link\">...weiterlesen<span class=\"screen-reader-text\"> \"Stress-Coaching | Burnout-Pr\u00e4vention\"<\/span><\/a><\/p>\n","protected":false},"author":1,"featured_media":0,"parent":0,"menu_order":0,"comment_status":"closed","ping_status":"closed","template":"","meta":{"_acf_changed":false,"footnotes":""},"class_list":["post-51","page","type-page","status-publish","h-entry","hentry","h-as-page"],"acf":[],"amp_enabled":true,"_links":{"self":[{"href":"http:\/\/www.win3loesungen.at\/test\/wp-json\/wp\/v2\/pages\/51","targetHints":{"allow":["GET"]}}],"collection":[{"href":"http:\/\/www.win3loesungen.at\/test\/wp-json\/wp\/v2\/pages"}],"about":[{"href":"http:\/\/www.win3loesungen.at\/test\/wp-json\/wp\/v2\/types\/page"}],"author":[{"embeddable":true,"href":"http:\/\/www.win3loesungen.at\/test\/wp-json\/wp\/v2\/users\/1"}],"replies":[{"embeddable":true,"href":"http:\/\/www.win3loesungen.at\/test\/wp-json\/wp\/v2\/comments?post=51"}],"version-history":[{"count":19,"href":"http:\/\/www.win3loesungen.at\/test\/wp-json\/wp\/v2\/pages\/51\/revisions"}],"predecessor-version":[{"id":309,"href":"http:\/\/www.win3loesungen.at\/test\/wp-json\/wp\/v2\/pages\/51\/revisions\/309"}],"wp:attachment":[{"href":"http:\/\/www.win3loesungen.at\/test\/wp-json\/wp\/v2\/media?parent=51"}],"curies":[{"name":"wp","href":"https:\/\/api.w.org\/{rel}","templated":true}]}}