{"id":60,"date":"2016-03-19T11:19:20","date_gmt":"2016-03-19T10:19:20","guid":{"rendered":"http:\/\/www.win3loesungen.at\/test\/?page_id=60"},"modified":"2017-01-30T16:46:32","modified_gmt":"2017-01-30T15:46:32","slug":"impressum","status":"publish","type":"page","link":"http:\/\/www.win3loesungen.at\/test\/impressum\/","title":{"rendered":"Impressum"},"content":{"rendered":"<h3><span style=\"color: #ff8d0a;\"><strong>Informationspflicht laut \u00a75 Abs.1 E-Commerce-Gesetz (ECG)<\/strong><\/span><\/h3>\n<p>F\u00fcr den Inhalt dieser Website verantwortlich:<strong><br \/>\n<\/strong><\/p>\n<p><strong>Mag. Doris Wei\u00df<\/strong><br \/>\nEinleitenweg 19\/5, 5300 Hallwang \/ Salzburg, \u00d6sterreich<br \/>\nF:\u00a0\u00a0 +43 664 30 33 474<br \/>\nE:\u00a0\u00a0 info(at)win3loesungen.at<br \/>\nW:\u00a0 www.win3loesungen.at<\/p>\n<p>Kleinunternehmerin gem. \u00a7 6 Abs. 1 Z. 27 UStG 1994 (brutto = netto)<\/p>\n<p><span style=\"color: #ff8d0a;\"><strong>Mitglied der Wirtschaftskammer Salzburg<\/strong><\/span><br \/>\nFachgruppe: Lebens- und Sozialberater<br \/>\n<a href=\"https:\/\/www.wkoecg.at\/Web\/Ecg.aspx?FirmaID=5f3ca24f-38aa-4ab2-9108-19848d3d6607\" target=\"_blank\"><img decoding=\"async\" style=\"border: 0px;\" src=\"https:\/\/www.wkoecg.at\/Web\/Library\/img\/ecg.gif\" alt=\"Informationen zu E-Commerce und Mediengesetz\" \/><\/a><\/p>\n<p>&nbsp;<\/p>\n<p><span style=\"color: #ff8d0a;\"><strong>Haftungsausschluss \/ \u00a7 5 ECG<\/strong><\/span><\/p>\n<p>Der Seitenbetreiber dieser Webseiten ist bestrebt, die hier angebotenen Informationen nach bestem Wissen und Gewissen vollst\u00e4ndig und richtig darzustellen und aktuell zu halten. Dennoch kann er keinerlei Haftung f\u00fcr Sch\u00e4den \u00fcbernehmen, die sich aus der Nutzung der angebotenen Informationen ergeben k\u00f6nnen \u2013 auch wenn diese auf die Nutzung von allenfalls unvollst\u00e4ndigen bzw. fehlerhaften Informationen zur\u00fcckzuf\u00fchren sind.<\/p>\n<p>Verweise auf fremde Webseiten liegen au\u00dferhalb des Verantwortungsbereiches des Seitenbetreibers. Eine Haftung f\u00fcr die Inhalte von verlinkten Seiten ist ausgeschlossen, zumal der Seitenbetreiber keinen Einfluss auf Inhalte wie Gestaltung von gelinkten Seiten hat. F\u00fcr Inhalte von Seiten, auf welche von Seiten dieser Homepage verwiesen wird, haftet somit allein der Anbieter dieser fremden Webseiten \u2013 niemals jedoch derjenige, der durch einen Link auf fremde Publikationen und Inhalte verweist. Sollten gelinkte Seiten (insbesondere durch Ver\u00e4nderung der Inhalte nach dem Setzen des Links) illegale, fehlerhafte, unvollst\u00e4ndige, beleidigende oder sittenwidrige Informationen beinhalten und wird der Seitenbetreiber dieser Seite auf derartige Inhalte von gelinkten Seiten aufmerksam (gemacht), so wird er einen Link auf derartige Seiten unverz\u00fcglich unterbinden.<\/p>\n<p>&nbsp;<\/p>\n<p><span style=\"color: #ff8d0a;\"><strong>Urheberrecht<\/strong><\/span><\/p>\n<p>Jede den Bestimmungen des Urheberrechtsgesetzes widersprechende Verwendung jeglicher Inhalte dieser Webseiten \u2013 insbesondere die weitergehende Nutzung wie beispielsweise die Ver\u00f6ffentlichung, Vervielf\u00e4ltigung und jede Form von gewerblicher Nutzung sowie die Weitergabe an Dritte \u2013 auch in Teilen oder in \u00fcberarbeiteter Form \u2013 ohne ausdr\u00fcckliche Zustimmung des Seiteninhabers ist untersagt. Davon ausgenommen sind ausdr\u00fccklich zum Download gekennzeichnete Dateien.<\/p>\n<p><strong>\u00a0<\/strong><\/p>\n<p><span style=\"color: #ff8d0a;\"><strong>Informationsinhalt<\/strong><\/span><\/p>\n<p>Die Informationen dieser Webseiten k\u00f6nnen ohne vorherige Ank\u00fcndigung ge\u00e4ndert, entfernt oder erg\u00e4nzt werden. Der Seitenbetreiber kann daher keine Garantie f\u00fcr die Korrektheit, Vollst\u00e4ndigkeit oder Qualit\u00e4t und letzte Aktualit\u00e4t der bereitgestellten Informationen geben.<\/p>\n<p>&nbsp;<\/p>\n<p><span style=\"color: #ff8d0a;\"><strong>Geschlechtsneutrale Formulierung:<\/strong><\/span><br \/>\nDer Seitenbetreiber ist sich der Bedeutung der Sprache in Bezug auf die Gleichberechtigung von M\u00e4nnern und Frauen bewusst und spricht beide gleicherma\u00dfen an. Aus Gr\u00fcnden der leichteren Lesbarkeit der Texte wird auf die Schreibweise in beiderlei Geschlecht verzichtet.<\/p>\n<p>&nbsp;<\/p>\n<p><span style=\"color: #ff8d0a;\"><strong>Bildquellen:<\/strong><\/span> privat<\/p>\n<p>&nbsp;<\/p>\n<p>&nbsp;<\/p>\n","protected":false},"excerpt":{"rendered":"<p>Informationspflicht laut \u00a75 Abs.1 E-Commerce-Gesetz (ECG) F\u00fcr den Inhalt dieser Website verantwortlich: Mag. Doris Wei\u00df Einleitenweg 19\/5, 5300 Hallwang \/ Salzburg, \u00d6sterreich F:\u00a0\u00a0 +43 664 30 33 474 E:\u00a0\u00a0 info(at)win3loesungen.at W:\u00a0 www.win3loesungen.at Kleinunternehmerin gem. \u00a7 6 Abs. 1 Z. 27 UStG 1994 (brutto = netto) Mitglied der Wirtschaftskammer Salzburg Fachgruppe: Lebens- und Sozialberater &nbsp; Haftungsausschluss <a href=\"http:\/\/www.win3loesungen.at\/test\/impressum\/\" class=\"more-link\">...weiterlesen<span class=\"screen-reader-text\"> \"Impressum\"<\/span><\/a><\/p>\n","protected":false},"author":1,"featured_media":0,"parent":0,"menu_order":0,"comment_status":"closed","ping_status":"closed","template":"","meta":{"_acf_changed":false,"footnotes":""},"class_list":["post-60","page","type-page","status-publish","h-entry","hentry","h-as-page"],"acf":[],"amp_enabled":true,"_links":{"self":[{"href":"http:\/\/www.win3loesungen.at\/test\/wp-json\/wp\/v2\/pages\/60","targetHints":{"allow":["GET"]}}],"collection":[{"href":"http:\/\/www.win3loesungen.at\/test\/wp-json\/wp\/v2\/pages"}],"about":[{"href":"http:\/\/www.win3loesungen.at\/test\/wp-json\/wp\/v2\/types\/page"}],"author":[{"embeddable":true,"href":"http:\/\/www.win3loesungen.at\/test\/wp-json\/wp\/v2\/users\/1"}],"replies":[{"embeddable":true,"href":"http:\/\/www.win3loesungen.at\/test\/wp-json\/wp\/v2\/comments?post=60"}],"version-history":[{"count":8,"href":"http:\/\/www.win3loesungen.at\/test\/wp-json\/wp\/v2\/pages\/60\/revisions"}],"predecessor-version":[{"id":390,"href":"http:\/\/www.win3loesungen.at\/test\/wp-json\/wp\/v2\/pages\/60\/revisions\/390"}],"wp:attachment":[{"href":"http:\/\/www.win3loesungen.at\/test\/wp-json\/wp\/v2\/media?parent=60"}],"curies":[{"name":"wp","href":"https:\/\/api.w.org\/{rel}","templated":true}]}}