{"id":73,"date":"2016-03-19T19:11:30","date_gmt":"2016-03-19T18:11:30","guid":{"rendered":"http:\/\/www.win3loesungen.at\/test\/?page_id=73"},"modified":"2016-06-24T10:46:15","modified_gmt":"2016-06-24T08:46:15","slug":"publikationen","status":"publish","type":"page","link":"http:\/\/www.win3loesungen.at\/test\/publikationen\/","title":{"rendered":"Publikationen"},"content":{"rendered":"<p><span style=\"color: #ff6600;\"><strong>Konfliktbearbeitung in der h\u00e4uslichen Pflege<\/strong><\/span><\/p>\n<p>Viele Pflege- oder Betreuungsbed\u00fcrftige w\u00fcnschen sich, in ihrem gewohnten Umfeld bleiben zu k\u00f6nnen. Durch die physischen und psychischen Belastungen von allen an einem solchen Pflegeprozess Beteiligten, kommt es dabei h\u00e4ufig zu Konflikten, die nicht immer leicht zu l\u00f6sen und zu regeln sind.<br \/>\nUm Betroffenen zu helfen, beleuchtet dieses Buch die h\u00e4ufigsten Konflikt- und Spannungsfelder und stellt die effektivsten Konfliktbearbeitungsmethoden vor, - als Pr\u00e4vention, f\u00fcr den Akutfall und\/oder im Nachhinein.<br \/>\nUntermauert werden die Erkenntnisse durch einen empirischen Teil. Dieser enth\u00e4lt Informationen aus erster Hand in Form von Interviews mit erfahrenen Konfliktbearbeitungsexperten und eine Befragung von Mitarbeitern der mobilen Pflege- und Betreuungsdienste. Die Auswertung dieser gew\u00e4hrt Einblicke in die Konfliktpotenziale und zeigt deutlich den bestehenden, gro\u00dfen Bedarf an externer Konfliktbearbeitung.<br \/>\nDas Buch darf als Ratgeber f\u00fcr Hilfesuchende verstanden werden.<\/p>\n<p><a href=\"https:\/\/www.amazon.de\/Konfliktbearbeitung-h%C3%A4usliche-Pflege-Angebote-Wissenschaftliche\/dp\/3839104769\/ref=sr_1_1?ie=UTF8&amp;qid=1466757341&amp;sr=8-1&amp;keywords=Konfliktbearbeitung+h%C3%A4usliche+pflege\" target=\"_blank\"><img loading=\"lazy\" decoding=\"async\" class=\"alignnone wp-image-212 size-medium\" src=\"http:\/\/www.win3loesungen.at\/test\/wp-content\/uploads\/2016\/03\/Office-Lens-20160623-112835-215x300.jpg\" alt=\"Diplomarbeit_Weiss_Doris\" width=\"215\" height=\"300\" srcset=\"http:\/\/www.win3loesungen.at\/test\/wp-content\/uploads\/2016\/03\/Office-Lens-20160623-112835-215x300.jpg 215w, http:\/\/www.win3loesungen.at\/test\/wp-content\/uploads\/2016\/03\/Office-Lens-20160623-112835-768x1070.jpg 768w, http:\/\/www.win3loesungen.at\/test\/wp-content\/uploads\/2016\/03\/Office-Lens-20160623-112835-735x1024.jpg 735w, http:\/\/www.win3loesungen.at\/test\/wp-content\/uploads\/2016\/03\/Office-Lens-20160623-112835-960x1338.jpg 960w, http:\/\/www.win3loesungen.at\/test\/wp-content\/uploads\/2016\/03\/Office-Lens-20160623-112835.jpg 1538w\" sizes=\"auto, (max-width: 215px) 100vw, 215px\" \/><\/a><\/p>\n<p>Die Selbsterfahrung der unterschiedlichen Herausforderungen und Belastungen w\u00e4hrend der h\u00e4uslichen Pflege ihres geliebten krebskranken Vaters bis zu seinem Tod im Jahr 2010 motivierte Doris Wei\u00df, sich diesem wichtigen Thema der Konfliktbearbeitung in der h\u00e4uslichen Pflege als Diplomarbeit zu widmen.<\/p>\n","protected":false},"excerpt":{"rendered":"<p>Konfliktbearbeitung in der h\u00e4uslichen Pflege Viele Pflege- oder Betreuungsbed\u00fcrftige w\u00fcnschen sich, in ihrem gewohnten Umfeld bleiben zu k\u00f6nnen. Durch die physischen und psychischen Belastungen von allen an einem solchen Pflegeprozess Beteiligten, kommt es dabei h\u00e4ufig zu Konflikten, die nicht immer leicht zu l\u00f6sen und zu regeln sind. Um Betroffenen zu helfen, beleuchtet dieses Buch die <a href=\"http:\/\/www.win3loesungen.at\/test\/publikationen\/\" class=\"more-link\">...weiterlesen<span class=\"screen-reader-text\"> \"Publikationen\"<\/span><\/a><\/p>\n","protected":false},"author":1,"featured_media":0,"parent":0,"menu_order":0,"comment_status":"closed","ping_status":"closed","template":"","meta":{"_acf_changed":false,"footnotes":""},"class_list":["post-73","page","type-page","status-publish","h-entry","hentry","h-as-page"],"acf":[],"amp_enabled":true,"_links":{"self":[{"href":"http:\/\/www.win3loesungen.at\/test\/wp-json\/wp\/v2\/pages\/73","targetHints":{"allow":["GET"]}}],"collection":[{"href":"http:\/\/www.win3loesungen.at\/test\/wp-json\/wp\/v2\/pages"}],"about":[{"href":"http:\/\/www.win3loesungen.at\/test\/wp-json\/wp\/v2\/types\/page"}],"author":[{"embeddable":true,"href":"http:\/\/www.win3loesungen.at\/test\/wp-json\/wp\/v2\/users\/1"}],"replies":[{"embeddable":true,"href":"http:\/\/www.win3loesungen.at\/test\/wp-json\/wp\/v2\/comments?post=73"}],"version-history":[{"count":8,"href":"http:\/\/www.win3loesungen.at\/test\/wp-json\/wp\/v2\/pages\/73\/revisions"}],"predecessor-version":[{"id":218,"href":"http:\/\/www.win3loesungen.at\/test\/wp-json\/wp\/v2\/pages\/73\/revisions\/218"}],"wp:attachment":[{"href":"http:\/\/www.win3loesungen.at\/test\/wp-json\/wp\/v2\/media?parent=73"}],"curies":[{"name":"wp","href":"https:\/\/api.w.org\/{rel}","templated":true}]}}